{"id":265,"date":"2019-04-24T13:21:27","date_gmt":"2019-04-24T11:21:27","guid":{"rendered":"https:\/\/oppteknikk.24sevenstore.no\/?post_type=product&#038;p=265"},"modified":"2019-04-24T13:31:10","modified_gmt":"2019-04-24T11:31:10","slug":"refill-forstehjelpskoffert-bygg-og-anlegg","status":"publish","type":"product","link":"https:\/\/oppteknikk.24sevenstore.no\/?product=refill-forstehjelpskoffert-bygg-og-anlegg","title":{"rendered":"Refill f\u00f8rstehjelpskoffert bygg og anlegg"},"content":{"rendered":"","protected":false},"excerpt":{"rendered":"<p>F\u00f8rstehjelpinnhold bygg og anlegg tilfredstiller Arbeistilsynets krav til h\u00e5ndtverksbedrifter. Innholdet er beregnet for biler, brakker og anleggsplasser. Den er utarbeidet i samarbeid med flere av bransjeforeningene til h\u00e5ndtverkerene.<\/p>\n<p>Passer til\u00a0f\u00f8rstehjelpskoffert bygg og anlegg.<\/p>\n","protected":false},"featured_media":268,"comment_status":"open","ping_status":"closed","template":"","meta":[],"product_brand":[],"product_cat":[34],"product_tag":[],"class_list":{"0":"post-265","1":"product","2":"type-product","3":"status-publish","4":"has-post-thumbnail","6":"product_cat-refill-forstehjelpsutstyr","7":"product_shipping_class-medium-pakker","9":"first","10":"instock","11":"taxable","12":"shipping-taxable","13":"purchasable","14":"product-type-simple"},"_links":{"self":[{"href":"https:\/\/oppteknikk.24sevenstore.no\/index.php?rest_route=\/wp\/v2\/product\/265","targetHints":{"allow":["GET"]}}],"collection":[{"href":"https:\/\/oppteknikk.24sevenstore.no\/index.php?rest_route=\/wp\/v2\/product"}],"about":[{"href":"https:\/\/oppteknikk.24sevenstore.no\/index.php?rest_route=\/wp\/v2\/types\/product"}],"replies":[{"embeddable":true,"href":"https:\/\/oppteknikk.24sevenstore.no\/index.php?rest_route=%2Fwp%2Fv2%2Fcomments&post=265"}],"wp:featuredmedia":[{"embeddable":true,"href":"https:\/\/oppteknikk.24sevenstore.no\/index.php?rest_route=\/wp\/v2\/media\/268"}],"wp:attachment":[{"href":"https:\/\/oppteknikk.24sevenstore.no\/index.php?rest_route=%2Fwp%2Fv2%2Fmedia&parent=265"}],"wp:term":[{"taxonomy":"product_brand","embeddable":true,"href":"https:\/\/oppteknikk.24sevenstore.no\/index.php?rest_route=%2Fwp%2Fv2%2Fproduct_brand&post=265"},{"taxonomy":"product_cat","embeddable":true,"href":"https:\/\/oppteknikk.24sevenstore.no\/index.php?rest_route=%2Fwp%2Fv2%2Fproduct_cat&post=265"},{"taxonomy":"product_tag","embeddable":true,"href":"https:\/\/oppteknikk.24sevenstore.no\/index.php?rest_route=%2Fwp%2Fv2%2Fproduct_tag&post=265"}],"curies":[{"name":"wp","href":"https:\/\/api.w.org\/{rel}","templated":true}]}}