{"id":257,"date":"2019-04-24T13:08:45","date_gmt":"2019-04-24T11:08:45","guid":{"rendered":"https:\/\/oppteknikk.24sevenstore.no\/?post_type=product&#038;p=257"},"modified":"2026-03-06T16:08:53","modified_gmt":"2026-03-06T15:08:53","slug":"forstehjelpskoffert-elektriker","status":"publish","type":"product","link":"https:\/\/oppteknikk.24sevenstore.no\/?product=forstehjelpskoffert-elektriker","title":{"rendered":"F\u00f8rstehjelpskoffert elektriker"},"content":{"rendered":"","protected":false},"excerpt":{"rendered":"<p>Dette er en st\u00f8vtett f\u00f8rstehjelpskoffert som er spesielt tilpasset elektrikere. Den har et utvidet sortiment for brannskader, og er et produkt som b\u00f8r finnes i alle elektrikere sine biler.<\/p>\n<p>F\u00f8rstehjelpskoffert elektriker tilfredsstiller Arbeidstilsynets\u00a0krav til elektrikere. Kofferten leveres med festebrakett for montering p\u00e5 vegg eller i bil.<\/p>\n<p>Kofferten inneholder blant annet elastiske gasbind,\u00a0idealbind,\u00a0munn-til-munn-mask, ulike plasterkompress og brannbandasjer,\u00a0redningsfolie,\u00a0s\u00e5rvaskeservietter\u00a0og <a href=\"https:\/\/oppteknikk.24sevenstore.no\/?product=enkeltmannspakker-12-cm-5-stk\">enkeltmannspakker<\/a>.<\/p>\n<p><strong>Produktinformasjon<\/strong>: H: 40 B: 28 D: 13 cm<br \/>\n<strong>Forpakning<\/strong>: 1 stk K: 6<\/p>\n","protected":false},"featured_media":263,"comment_status":"open","ping_status":"closed","template":"","meta":[],"product_brand":[],"product_cat":[27],"product_tag":[],"class_list":{"0":"post-257","1":"product","2":"type-product","3":"status-publish","4":"has-post-thumbnail","6":"product_cat-forstehjelpsutstyr","7":"product_shipping_class-medium-pakker","9":"first","10":"instock","11":"taxable","12":"shipping-taxable","13":"purchasable","14":"product-type-simple"},"_links":{"self":[{"href":"https:\/\/oppteknikk.24sevenstore.no\/index.php?rest_route=\/wp\/v2\/product\/257","targetHints":{"allow":["GET"]}}],"collection":[{"href":"https:\/\/oppteknikk.24sevenstore.no\/index.php?rest_route=\/wp\/v2\/product"}],"about":[{"href":"https:\/\/oppteknikk.24sevenstore.no\/index.php?rest_route=\/wp\/v2\/types\/product"}],"replies":[{"embeddable":true,"href":"https:\/\/oppteknikk.24sevenstore.no\/index.php?rest_route=%2Fwp%2Fv2%2Fcomments&post=257"}],"wp:featuredmedia":[{"embeddable":true,"href":"https:\/\/oppteknikk.24sevenstore.no\/index.php?rest_route=\/wp\/v2\/media\/263"}],"wp:attachment":[{"href":"https:\/\/oppteknikk.24sevenstore.no\/index.php?rest_route=%2Fwp%2Fv2%2Fmedia&parent=257"}],"wp:term":[{"taxonomy":"product_brand","embeddable":true,"href":"https:\/\/oppteknikk.24sevenstore.no\/index.php?rest_route=%2Fwp%2Fv2%2Fproduct_brand&post=257"},{"taxonomy":"product_cat","embeddable":true,"href":"https:\/\/oppteknikk.24sevenstore.no\/index.php?rest_route=%2Fwp%2Fv2%2Fproduct_cat&post=257"},{"taxonomy":"product_tag","embeddable":true,"href":"https:\/\/oppteknikk.24sevenstore.no\/index.php?rest_route=%2Fwp%2Fv2%2Fproduct_tag&post=257"}],"curies":[{"name":"wp","href":"https:\/\/api.w.org\/{rel}","templated":true}]}}