{"id":255,"date":"2019-04-22T14:20:57","date_gmt":"2019-04-22T12:20:57","guid":{"rendered":"https:\/\/oppteknikk.24sevenstore.no\/?post_type=product&#038;p=255"},"modified":"2019-04-26T14:17:29","modified_gmt":"2019-04-26T12:17:29","slug":"isolerende-pose","status":"publish","type":"product","link":"https:\/\/oppteknikk.24sevenstore.no\/?product=isolerende-pose","title":{"rendered":"Isolerende pose"},"content":{"rendered":"","protected":false},"excerpt":{"rendered":"<p>LESS isolerende pose er laget av 3-folier (90my) bobleplast som gir en grunnleggende hypotermibeskyttelse. \u00a0Pasienten pakkes godt inn og en fleksibel strikkl\u00f8sning med hemper gj\u00f8r det enkelt \u00e5 feste posen rundt pasienten.<\/p>\n<ul>\n<li>Basis hypotermiforebyggende l\u00f8sning<\/li>\n<li>Transparent materiale gir visuell kontakt med pasientens kropp og skader<\/li>\n<li>Sveiset tett pose holder p\u00e5 kroppsv\u00e6sker<\/li>\n<li>Enkelt \u00e5 lage hull for medisinering<\/li>\n<\/ul>\n<p>Viktig tilleggsfunksjon:<\/p>\n<ul>\n<li>Sveiset tett pose holder p\u00e5 kroppsv\u00e6sker. \u00a0Dette forenkler renhold av ambulanse og bringer ambulanse eller helikopter raskere tilbake i aktiv beredskap.<\/li>\n<\/ul>\n<p>&nbsp;<\/p>\n","protected":false},"featured_media":256,"comment_status":"open","ping_status":"closed","template":"","meta":[],"product_brand":[],"product_cat":[25],"product_tag":[],"class_list":{"0":"post-255","1":"product","2":"type-product","3":"status-publish","4":"has-post-thumbnail","6":"product_cat-elektrotilbehor","7":"product_shipping_class-medium-pakker","9":"first","10":"instock","11":"taxable","12":"shipping-taxable","13":"purchasable","14":"product-type-simple"},"_links":{"self":[{"href":"https:\/\/oppteknikk.24sevenstore.no\/index.php?rest_route=\/wp\/v2\/product\/255","targetHints":{"allow":["GET"]}}],"collection":[{"href":"https:\/\/oppteknikk.24sevenstore.no\/index.php?rest_route=\/wp\/v2\/product"}],"about":[{"href":"https:\/\/oppteknikk.24sevenstore.no\/index.php?rest_route=\/wp\/v2\/types\/product"}],"replies":[{"embeddable":true,"href":"https:\/\/oppteknikk.24sevenstore.no\/index.php?rest_route=%2Fwp%2Fv2%2Fcomments&post=255"}],"wp:featuredmedia":[{"embeddable":true,"href":"https:\/\/oppteknikk.24sevenstore.no\/index.php?rest_route=\/wp\/v2\/media\/256"}],"wp:attachment":[{"href":"https:\/\/oppteknikk.24sevenstore.no\/index.php?rest_route=%2Fwp%2Fv2%2Fmedia&parent=255"}],"wp:term":[{"taxonomy":"product_brand","embeddable":true,"href":"https:\/\/oppteknikk.24sevenstore.no\/index.php?rest_route=%2Fwp%2Fv2%2Fproduct_brand&post=255"},{"taxonomy":"product_cat","embeddable":true,"href":"https:\/\/oppteknikk.24sevenstore.no\/index.php?rest_route=%2Fwp%2Fv2%2Fproduct_cat&post=255"},{"taxonomy":"product_tag","embeddable":true,"href":"https:\/\/oppteknikk.24sevenstore.no\/index.php?rest_route=%2Fwp%2Fv2%2Fproduct_tag&post=255"}],"curies":[{"name":"wp","href":"https:\/\/api.w.org\/{rel}","templated":true}]}}