{"id":251,"date":"2019-04-22T13:51:01","date_gmt":"2019-04-22T11:51:01","guid":{"rendered":"https:\/\/oppteknikk.24sevenstore.no\/?post_type=product&#038;p=251"},"modified":"2019-04-24T13:31:33","modified_gmt":"2019-04-24T11:31:33","slug":"bareteppe-150x200-cm","status":"publish","type":"product","link":"https:\/\/oppteknikk.24sevenstore.no\/?product=bareteppe-150x200-cm","title":{"rendered":"B\u00e5reteppe 150&#215;200 cm"},"content":{"rendered":"","protected":false},"excerpt":{"rendered":"<p>B\u00e5reteppe i st\u00f8rrelsen 150&#215;200 cm. Ullteppet er produsert av 50% ull og 50% resirkulert tekstil, og h\u00f8rer naturlig til ved all pasienttransport og ved samleplass.<\/p>\n","protected":false},"featured_media":253,"comment_status":"open","ping_status":"closed","template":"","meta":[],"product_brand":[],"product_cat":[34],"product_tag":[],"class_list":{"0":"post-251","1":"product","2":"type-product","3":"status-publish","4":"has-post-thumbnail","6":"product_cat-refill-forstehjelpsutstyr","7":"product_shipping_class-medium-pakker","9":"first","10":"instock","11":"taxable","12":"shipping-taxable","13":"purchasable","14":"product-type-simple"},"_links":{"self":[{"href":"https:\/\/oppteknikk.24sevenstore.no\/index.php?rest_route=\/wp\/v2\/product\/251","targetHints":{"allow":["GET"]}}],"collection":[{"href":"https:\/\/oppteknikk.24sevenstore.no\/index.php?rest_route=\/wp\/v2\/product"}],"about":[{"href":"https:\/\/oppteknikk.24sevenstore.no\/index.php?rest_route=\/wp\/v2\/types\/product"}],"replies":[{"embeddable":true,"href":"https:\/\/oppteknikk.24sevenstore.no\/index.php?rest_route=%2Fwp%2Fv2%2Fcomments&post=251"}],"wp:featuredmedia":[{"embeddable":true,"href":"https:\/\/oppteknikk.24sevenstore.no\/index.php?rest_route=\/wp\/v2\/media\/253"}],"wp:attachment":[{"href":"https:\/\/oppteknikk.24sevenstore.no\/index.php?rest_route=%2Fwp%2Fv2%2Fmedia&parent=251"}],"wp:term":[{"taxonomy":"product_brand","embeddable":true,"href":"https:\/\/oppteknikk.24sevenstore.no\/index.php?rest_route=%2Fwp%2Fv2%2Fproduct_brand&post=251"},{"taxonomy":"product_cat","embeddable":true,"href":"https:\/\/oppteknikk.24sevenstore.no\/index.php?rest_route=%2Fwp%2Fv2%2Fproduct_cat&post=251"},{"taxonomy":"product_tag","embeddable":true,"href":"https:\/\/oppteknikk.24sevenstore.no\/index.php?rest_route=%2Fwp%2Fv2%2Fproduct_tag&post=251"}],"curies":[{"name":"wp","href":"https:\/\/api.w.org\/{rel}","templated":true}]}}