{"id":249,"date":"2019-04-22T13:46:10","date_gmt":"2019-04-22T11:46:10","guid":{"rendered":"https:\/\/oppteknikk.24sevenstore.no\/?post_type=product&#038;p=249"},"modified":"2019-04-24T13:31:41","modified_gmt":"2019-04-24T11:31:41","slug":"ispose-5-stk","status":"publish","type":"product","link":"https:\/\/oppteknikk.24sevenstore.no\/?product=ispose-5-stk","title":{"rendered":"Ispose 5 stk"},"content":{"rendered":"","protected":false},"excerpt":{"rendered":"<p>5 stk. isposer for hurtig nedkj\u00f8ling og rehabilitering av skader. Den er spesielt egnet til sportsskader, brannskader, friksjonsskader og andre bl\u00f8tdelskader.<\/p>\n<p>Du bruker den slik: Lokaliser den indre posen og klem til innerposen sprekker. Rist lett for \u00e5 blande innholder. Brett posen inn i et t\u00f8ystykke og p\u00e5f\u00f8r p\u00e5 det aktuelle omr\u00e5det.\u00a0Unng\u00e5 \u00e5 p\u00e5f\u00f8re rett p\u00e5 bar hud da dette kan gi forfrysning.<\/p>\n<p><strong>Produktinformasjon<\/strong>: H: 21 B: 14 D: 2 cm<\/p>\n<p><strong>Vekt<\/strong>: 0,367 kg.<\/p>\n","protected":false},"featured_media":250,"comment_status":"open","ping_status":"closed","template":"","meta":[],"product_brand":[],"product_cat":[34],"product_tag":[],"class_list":{"0":"post-249","1":"product","2":"type-product","3":"status-publish","4":"has-post-thumbnail","6":"product_cat-refill-forstehjelpsutstyr","8":"first","9":"instock","10":"taxable","11":"shipping-taxable","12":"purchasable","13":"product-type-simple"},"_links":{"self":[{"href":"https:\/\/oppteknikk.24sevenstore.no\/index.php?rest_route=\/wp\/v2\/product\/249","targetHints":{"allow":["GET"]}}],"collection":[{"href":"https:\/\/oppteknikk.24sevenstore.no\/index.php?rest_route=\/wp\/v2\/product"}],"about":[{"href":"https:\/\/oppteknikk.24sevenstore.no\/index.php?rest_route=\/wp\/v2\/types\/product"}],"replies":[{"embeddable":true,"href":"https:\/\/oppteknikk.24sevenstore.no\/index.php?rest_route=%2Fwp%2Fv2%2Fcomments&post=249"}],"wp:featuredmedia":[{"embeddable":true,"href":"https:\/\/oppteknikk.24sevenstore.no\/index.php?rest_route=\/wp\/v2\/media\/250"}],"wp:attachment":[{"href":"https:\/\/oppteknikk.24sevenstore.no\/index.php?rest_route=%2Fwp%2Fv2%2Fmedia&parent=249"}],"wp:term":[{"taxonomy":"product_brand","embeddable":true,"href":"https:\/\/oppteknikk.24sevenstore.no\/index.php?rest_route=%2Fwp%2Fv2%2Fproduct_brand&post=249"},{"taxonomy":"product_cat","embeddable":true,"href":"https:\/\/oppteknikk.24sevenstore.no\/index.php?rest_route=%2Fwp%2Fv2%2Fproduct_cat&post=249"},{"taxonomy":"product_tag","embeddable":true,"href":"https:\/\/oppteknikk.24sevenstore.no\/index.php?rest_route=%2Fwp%2Fv2%2Fproduct_tag&post=249"}],"curies":[{"name":"wp","href":"https:\/\/api.w.org\/{rel}","templated":true}]}}