{"id":226,"date":"2019-04-22T13:39:49","date_gmt":"2019-04-22T11:39:49","guid":{"rendered":"https:\/\/oppteknikk.24sevenstore.no\/?post_type=product&#038;p=226"},"modified":"2019-04-26T14:15:56","modified_gmt":"2019-04-26T12:15:56","slug":"brannteppe","status":"publish","type":"product","link":"https:\/\/oppteknikk.24sevenstore.no\/?product=brannteppe","title":{"rendered":"Brannteppe 120&#215;180 cm"},"content":{"rendered":"","protected":false},"excerpt":{"rendered":"<p>Brannteppe i st\u00f8rrelsen 120&#215;180 cm for rask slukking av branntill\u00f8p. Teppet er motstandsdyktig mot varme, og har denne egenskapen fordi de er laget av glassfibervev. Brannteppet er enkelt \u00e5 henge p\u00e5 veggen. Teppet er et viktig element i brannbekjemping p\u00e5 kj\u00f8kken, og legges over brennende gryter, gjenstander og personer som er i brann. Brannteppet kveler forbrenningsprosessen ved \u00e5 hindre at brannen f\u00e5r oksygen.<\/p>\n","protected":false},"featured_media":248,"comment_status":"open","ping_status":"closed","template":"","meta":[],"product_brand":[],"product_cat":[25],"product_tag":[],"class_list":{"0":"post-226","1":"product","2":"type-product","3":"status-publish","4":"has-post-thumbnail","6":"product_cat-elektrotilbehor","7":"product_shipping_class-medium-pakker","9":"first","10":"instock","11":"taxable","12":"shipping-taxable","13":"purchasable","14":"product-type-simple"},"_links":{"self":[{"href":"https:\/\/oppteknikk.24sevenstore.no\/index.php?rest_route=\/wp\/v2\/product\/226","targetHints":{"allow":["GET"]}}],"collection":[{"href":"https:\/\/oppteknikk.24sevenstore.no\/index.php?rest_route=\/wp\/v2\/product"}],"about":[{"href":"https:\/\/oppteknikk.24sevenstore.no\/index.php?rest_route=\/wp\/v2\/types\/product"}],"replies":[{"embeddable":true,"href":"https:\/\/oppteknikk.24sevenstore.no\/index.php?rest_route=%2Fwp%2Fv2%2Fcomments&post=226"}],"wp:featuredmedia":[{"embeddable":true,"href":"https:\/\/oppteknikk.24sevenstore.no\/index.php?rest_route=\/wp\/v2\/media\/248"}],"wp:attachment":[{"href":"https:\/\/oppteknikk.24sevenstore.no\/index.php?rest_route=%2Fwp%2Fv2%2Fmedia&parent=226"}],"wp:term":[{"taxonomy":"product_brand","embeddable":true,"href":"https:\/\/oppteknikk.24sevenstore.no\/index.php?rest_route=%2Fwp%2Fv2%2Fproduct_brand&post=226"},{"taxonomy":"product_cat","embeddable":true,"href":"https:\/\/oppteknikk.24sevenstore.no\/index.php?rest_route=%2Fwp%2Fv2%2Fproduct_cat&post=226"},{"taxonomy":"product_tag","embeddable":true,"href":"https:\/\/oppteknikk.24sevenstore.no\/index.php?rest_route=%2Fwp%2Fv2%2Fproduct_tag&post=226"}],"curies":[{"name":"wp","href":"https:\/\/api.w.org\/{rel}","templated":true}]}}