{"id":218,"date":"2019-04-18T13:19:12","date_gmt":"2019-04-18T11:19:12","guid":{"rendered":"https:\/\/oppteknikk.24sevenstore.no\/?post_type=product&#038;p=218"},"modified":"2019-04-24T13:33:19","modified_gmt":"2019-04-24T11:33:19","slug":"enkeltmannspakker-12-cm-5-stk","status":"publish","type":"product","link":"https:\/\/oppteknikk.24sevenstore.no\/?product=enkeltmannspakker-12-cm-5-stk","title":{"rendered":"Enkeltmannspakker 12 cm, 5 stk"},"content":{"rendered":"","protected":false},"excerpt":{"rendered":"<p>5 stk enkeltmannspakker 12 cm. Brukes til \u00e5 stanse bl\u00f8dninger effektivt.<\/p>\n<p>N\u00e5r du \u00e5pner enkeltmannspakken, unng\u00e5 \u00e5 ta p\u00e5 den sterile puten. Plass\u00e9r puten over s\u00e5ret. La den korteste enden av bandasjen stikke frem. Surr resten av bandasjen stramt og lag en knute. Oppbevares kj\u00f8rlig og t\u00f8rt. Skal ikke brukes dersom innpakningen er skadet\/brutt.<\/p>\n","protected":false},"featured_media":222,"comment_status":"open","ping_status":"closed","template":"","meta":[],"product_brand":[],"product_cat":[34],"product_tag":[],"class_list":{"0":"post-218","1":"product","2":"type-product","3":"status-publish","4":"has-post-thumbnail","6":"product_cat-refill-forstehjelpsutstyr","7":"product_shipping_class-medium-pakker","9":"first","10":"onbackorder","11":"taxable","12":"shipping-taxable","13":"purchasable","14":"product-type-simple"},"_links":{"self":[{"href":"https:\/\/oppteknikk.24sevenstore.no\/index.php?rest_route=\/wp\/v2\/product\/218","targetHints":{"allow":["GET"]}}],"collection":[{"href":"https:\/\/oppteknikk.24sevenstore.no\/index.php?rest_route=\/wp\/v2\/product"}],"about":[{"href":"https:\/\/oppteknikk.24sevenstore.no\/index.php?rest_route=\/wp\/v2\/types\/product"}],"replies":[{"embeddable":true,"href":"https:\/\/oppteknikk.24sevenstore.no\/index.php?rest_route=%2Fwp%2Fv2%2Fcomments&post=218"}],"wp:featuredmedia":[{"embeddable":true,"href":"https:\/\/oppteknikk.24sevenstore.no\/index.php?rest_route=\/wp\/v2\/media\/222"}],"wp:attachment":[{"href":"https:\/\/oppteknikk.24sevenstore.no\/index.php?rest_route=%2Fwp%2Fv2%2Fmedia&parent=218"}],"wp:term":[{"taxonomy":"product_brand","embeddable":true,"href":"https:\/\/oppteknikk.24sevenstore.no\/index.php?rest_route=%2Fwp%2Fv2%2Fproduct_brand&post=218"},{"taxonomy":"product_cat","embeddable":true,"href":"https:\/\/oppteknikk.24sevenstore.no\/index.php?rest_route=%2Fwp%2Fv2%2Fproduct_cat&post=218"},{"taxonomy":"product_tag","embeddable":true,"href":"https:\/\/oppteknikk.24sevenstore.no\/index.php?rest_route=%2Fwp%2Fv2%2Fproduct_tag&post=218"}],"curies":[{"name":"wp","href":"https:\/\/api.w.org\/{rel}","templated":true}]}}