{"id":213,"date":"2019-04-18T13:04:50","date_gmt":"2019-04-18T11:04:50","guid":{"rendered":"https:\/\/oppteknikk.24sevenstore.no\/?post_type=product&#038;p=213"},"modified":"2026-03-11T03:24:03","modified_gmt":"2026-03-11T02:24:03","slug":"brannslukningsapparat-6-kg-pulver","status":"publish","type":"product","link":"https:\/\/oppteknikk.24sevenstore.no\/?product=brannslukningsapparat-6-kg-pulver","title":{"rendered":"Brannslukningsapparat 6 kg pulver"},"content":{"rendered":"","protected":false},"excerpt":{"rendered":"<p>Nordic 6 kg brannslukker holder h\u00f8y kvalitet og er godkjente i henhold til Norske og Europeiske standarder. Denne ABC-h\u00e5ndslukkeren har en av markedets h\u00f8yeste effektklasser, og mer enn dobbelt s\u00e5 god slukkeeffekt som minstekravet for bruk i bolig; Forskrift om brannforebyggende tiltak og tilsyn. Leveres med veggbrakett.<\/p>\n<p><strong>ABC-pulver<br \/>\n<\/strong>En ABC-pulverslukker kan benyttes mot branner i alle typer materialer. Pulveret reagerer kjemisk med brannen og har en kvelende effekt. Pulver er effektivt mot branner i v\u00e6sker og faste materialer, det leder ikke elektrisk str\u00f8m og kan derfor ogs\u00e5 benyttes mot branner i elektriske anlegg. Slukkeren er tilpasset de nordiske forholdene og t\u00e5ler frost helt ned til -30\u00b0C.<\/p>\n<p><strong>God \u00f8konomi og h\u00f8y slukkeeffekt<br \/>\n<\/strong>En 6 kg ABC-pulverslukker har lange kontroll og serviceintervaller i.h.t. NS-3910; Standard for vedlikehold av h\u00e5ndslukkere. Nordic 6 kg ABC-pulverslukker gir s\u00e5ledes god brannvern\u00f8konomi.\u00a0I tillegg gir ABC-pulver definitivt mest slukkeeffekt for pengene, noe som gj\u00f8r at utrente personer har god slukkekapasitet tilgjengelig ved et branntill\u00f8p. Det \u00f8ker s\u00e5ledes sjansene til \u00e5 slukke brannen betydelig.<\/p>\n<p>Slukkeren har b\u00e5de hempe i ryggen og \u201dskutengfeste\u201d i ventilen, slik at man sjelden trenger \u00e5 bytte veggfeste for montering.<\/p>\n<p><strong>Godt egnet til:<br \/>\n<\/strong>Bolig, fritidshus, fritidsb\u00e5t, bobil, campingvogn og innen industri. Bilbrakett kan ogs\u00e5 leveres.<\/p>\n<p><strong>Tekniske data:<\/strong><\/p>\n<p><strong>Dimensjoner (h + \u00d8):<\/strong>\u00a0ca. 52.5 cm, \u00d8 15 cm.<br \/>\n<strong>Vekt:<\/strong>\u00a0ca. 9,2 kg.<br \/>\n<strong>Brannklasse:<\/strong>\u00a0ABC<br \/>\n<strong>Effektklasse:<\/strong>\u00a043A 233B C<br \/>\n<strong>Driftstemperatur:<\/strong>\u00a0-30\u00b0c til +60\u00b0C<br \/>\n<strong>Standarder:<\/strong>\u00a0NS-EN 3 og CE-0409<br \/>\n<strong>Sertifisering:<\/strong>\u00a0CE-0409, DNV.<br \/>\n<strong>Lisensnummer:<\/strong>\u00a0180-06G<\/p>\n<p>Produsert av Presto brannteknikk i Sverige.<\/p>\n<p><strong>NB!<\/strong>\u00a0\u00a75-15 i\u00a0Forskrift om utforming og innretning av arbeidsplasser og arbeidslokaler (arbeidsplassforskriften) sier f\u00f8lgende om skilting av brannslukningsutstyr:<\/p>\n<p><em>Brannslokkingsutstyr skal v\u00e6re merket og identifisert med varig sikkerhetsskilting og om n\u00f8dvendig varselfarger. Fargen for merking av utstyret skal v\u00e6re r\u00f8d. Den r\u00f8de flaten m\u00e5 v\u00e6re s\u00e5 stor at utstyret lett kan gjenkjennes.<\/em><\/p>\n<p><em>Inngang til oppbevaringssted for brannslokkingsutstyr og omr\u00e5der hvor brannslokkingsutstyr oppbevares, skal merkes med skilt.<\/em><\/p>\n","protected":false},"featured_media":217,"comment_status":"open","ping_status":"closed","template":"","meta":[],"product_brand":[],"product_cat":[27],"product_tag":[],"class_list":{"0":"post-213","1":"product","2":"type-product","3":"status-publish","4":"has-post-thumbnail","6":"product_cat-forstehjelpsutstyr","7":"product_shipping_class-medium-pakker","9":"first","10":"onbackorder","11":"taxable","12":"shipping-taxable","13":"purchasable","14":"product-type-simple"},"_links":{"self":[{"href":"https:\/\/oppteknikk.24sevenstore.no\/index.php?rest_route=\/wp\/v2\/product\/213","targetHints":{"allow":["GET"]}}],"collection":[{"href":"https:\/\/oppteknikk.24sevenstore.no\/index.php?rest_route=\/wp\/v2\/product"}],"about":[{"href":"https:\/\/oppteknikk.24sevenstore.no\/index.php?rest_route=\/wp\/v2\/types\/product"}],"replies":[{"embeddable":true,"href":"https:\/\/oppteknikk.24sevenstore.no\/index.php?rest_route=%2Fwp%2Fv2%2Fcomments&post=213"}],"wp:featuredmedia":[{"embeddable":true,"href":"https:\/\/oppteknikk.24sevenstore.no\/index.php?rest_route=\/wp\/v2\/media\/217"}],"wp:attachment":[{"href":"https:\/\/oppteknikk.24sevenstore.no\/index.php?rest_route=%2Fwp%2Fv2%2Fmedia&parent=213"}],"wp:term":[{"taxonomy":"product_brand","embeddable":true,"href":"https:\/\/oppteknikk.24sevenstore.no\/index.php?rest_route=%2Fwp%2Fv2%2Fproduct_brand&post=213"},{"taxonomy":"product_cat","embeddable":true,"href":"https:\/\/oppteknikk.24sevenstore.no\/index.php?rest_route=%2Fwp%2Fv2%2Fproduct_cat&post=213"},{"taxonomy":"product_tag","embeddable":true,"href":"https:\/\/oppteknikk.24sevenstore.no\/index.php?rest_route=%2Fwp%2Fv2%2Fproduct_tag&post=213"}],"curies":[{"name":"wp","href":"https:\/\/api.w.org\/{rel}","templated":true}]}}