{"id":192,"date":"2019-04-11T12:25:28","date_gmt":"2019-04-11T10:25:28","guid":{"rendered":"https:\/\/oppteknikk.24sevenstore.no\/?post_type=product&#038;p=192"},"modified":"2019-04-16T10:53:22","modified_gmt":"2019-04-16T08:53:22","slug":"cederroth-plasterkassett","status":"publish","type":"product","link":"https:\/\/oppteknikk.24sevenstore.no\/?product=cederroth-plasterkassett","title":{"rendered":"Cederroth plasterkassett"},"content":{"rendered":"","protected":false},"excerpt":{"rendered":"<p>Plasterkassett som passer for alle bedrifter, kontorer og arbeidsplasser. N\u00e5r plasteret trekkes ned fra kassetten frigj\u00f8res\u00a0den ene limsiden og plasteret er klart for p\u00e5setting. Dette gj\u00f8r det ogs\u00e5 enklere og mer hygienisk. Kassetten fylles raskt og enkelt opp\u00a0med en spesialn\u00f8kkel. Den har transparent lokk som beskytter mot st\u00f8v og fukt.<\/p>\n<p><strong>Innhold:<\/strong>\u00a040 tekstilplaster og 45 stk plastplaster.<br \/>\nHver refill har to st\u00f8rrelser p\u00e5 plasteret.\u00a0Du kan velge mellom flere ulike\u00a0refiller n\u00e5r du har behov for supplering.<\/p>\n<p><strong>Produktinformasjon:<\/strong>\u00a0H: 11 B: 19 D: 3,5 cm<\/p>\n<div class=\"product_meta\"><\/div>\n<div class=\"product_comments\"><\/div>\n","protected":false},"featured_media":195,"comment_status":"open","ping_status":"closed","template":"","meta":[],"product_brand":[],"product_cat":[27],"product_tag":[],"class_list":{"0":"post-192","1":"product","2":"type-product","3":"status-publish","4":"has-post-thumbnail","6":"product_cat-forstehjelpsutstyr","7":"product_shipping_class-medium-pakker","9":"first","10":"onbackorder","11":"taxable","12":"shipping-taxable","13":"purchasable","14":"product-type-simple"},"_links":{"self":[{"href":"https:\/\/oppteknikk.24sevenstore.no\/index.php?rest_route=\/wp\/v2\/product\/192","targetHints":{"allow":["GET"]}}],"collection":[{"href":"https:\/\/oppteknikk.24sevenstore.no\/index.php?rest_route=\/wp\/v2\/product"}],"about":[{"href":"https:\/\/oppteknikk.24sevenstore.no\/index.php?rest_route=\/wp\/v2\/types\/product"}],"replies":[{"embeddable":true,"href":"https:\/\/oppteknikk.24sevenstore.no\/index.php?rest_route=%2Fwp%2Fv2%2Fcomments&post=192"}],"wp:featuredmedia":[{"embeddable":true,"href":"https:\/\/oppteknikk.24sevenstore.no\/index.php?rest_route=\/wp\/v2\/media\/195"}],"wp:attachment":[{"href":"https:\/\/oppteknikk.24sevenstore.no\/index.php?rest_route=%2Fwp%2Fv2%2Fmedia&parent=192"}],"wp:term":[{"taxonomy":"product_brand","embeddable":true,"href":"https:\/\/oppteknikk.24sevenstore.no\/index.php?rest_route=%2Fwp%2Fv2%2Fproduct_brand&post=192"},{"taxonomy":"product_cat","embeddable":true,"href":"https:\/\/oppteknikk.24sevenstore.no\/index.php?rest_route=%2Fwp%2Fv2%2Fproduct_cat&post=192"},{"taxonomy":"product_tag","embeddable":true,"href":"https:\/\/oppteknikk.24sevenstore.no\/index.php?rest_route=%2Fwp%2Fv2%2Fproduct_tag&post=192"}],"curies":[{"name":"wp","href":"https:\/\/api.w.org\/{rel}","templated":true}]}}