{"id":188,"date":"2019-04-11T11:11:17","date_gmt":"2019-04-11T09:11:17","guid":{"rendered":"https:\/\/oppteknikk.24sevenstore.no\/?post_type=product&#038;p=188"},"modified":"2019-04-24T13:32:25","modified_gmt":"2019-04-24T11:32:25","slug":"refill-plasterdispenser-soft1-bla","status":"publish","type":"product","link":"https:\/\/oppteknikk.24sevenstore.no\/?product=refill-plasterdispenser-soft1-bla","title":{"rendered":"Refill Plasterdispenser Soft1 bl\u00e5"},"content":{"rendered":"","protected":false},"excerpt":{"rendered":"<p>Plasterrefill til\u00a0plasterdispenser soft1 bl\u00e5.\u00a0Plastrene er limfrie, blodabsorberende, hudvennlige og tverrelastiske og gir stor bevegelighet i ledd. De kan anvendes p\u00e5 alle typer s\u00e5r uavhengig av varme, kulde, v\u00e5tt eller t\u00f8rt element. Soft1 plaster er selvheftende og fester ikke til hud, h\u00e5r eller s\u00e5r.<\/p>\n","protected":false},"featured_media":191,"comment_status":"open","ping_status":"closed","template":"","meta":[],"product_brand":[],"product_cat":[34],"product_tag":[],"class_list":{"0":"post-188","1":"product","2":"type-product","3":"status-publish","4":"has-post-thumbnail","6":"product_cat-refill-forstehjelpsutstyr","7":"product_shipping_class-medium-pakker","9":"first","10":"onbackorder","11":"taxable","12":"shipping-taxable","13":"purchasable","14":"product-type-simple"},"_links":{"self":[{"href":"https:\/\/oppteknikk.24sevenstore.no\/index.php?rest_route=\/wp\/v2\/product\/188","targetHints":{"allow":["GET"]}}],"collection":[{"href":"https:\/\/oppteknikk.24sevenstore.no\/index.php?rest_route=\/wp\/v2\/product"}],"about":[{"href":"https:\/\/oppteknikk.24sevenstore.no\/index.php?rest_route=\/wp\/v2\/types\/product"}],"replies":[{"embeddable":true,"href":"https:\/\/oppteknikk.24sevenstore.no\/index.php?rest_route=%2Fwp%2Fv2%2Fcomments&post=188"}],"wp:featuredmedia":[{"embeddable":true,"href":"https:\/\/oppteknikk.24sevenstore.no\/index.php?rest_route=\/wp\/v2\/media\/191"}],"wp:attachment":[{"href":"https:\/\/oppteknikk.24sevenstore.no\/index.php?rest_route=%2Fwp%2Fv2%2Fmedia&parent=188"}],"wp:term":[{"taxonomy":"product_brand","embeddable":true,"href":"https:\/\/oppteknikk.24sevenstore.no\/index.php?rest_route=%2Fwp%2Fv2%2Fproduct_brand&post=188"},{"taxonomy":"product_cat","embeddable":true,"href":"https:\/\/oppteknikk.24sevenstore.no\/index.php?rest_route=%2Fwp%2Fv2%2Fproduct_cat&post=188"},{"taxonomy":"product_tag","embeddable":true,"href":"https:\/\/oppteknikk.24sevenstore.no\/index.php?rest_route=%2Fwp%2Fv2%2Fproduct_tag&post=188"}],"curies":[{"name":"wp","href":"https:\/\/api.w.org\/{rel}","templated":true}]}}