{"id":177,"date":"2019-03-26T15:01:28","date_gmt":"2019-03-26T14:01:28","guid":{"rendered":"https:\/\/oppteknikk.24sevenstore.no\/?post_type=product&#038;p=177"},"modified":"2019-04-16T10:53:23","modified_gmt":"2019-04-16T08:53:23","slug":"pocket-mask-i-baereveske","status":"publish","type":"product","link":"https:\/\/oppteknikk.24sevenstore.no\/?product=pocket-mask-i-baereveske","title":{"rendered":"Pocket mask i b\u00e6reveske"},"content":{"rendered":"","protected":false},"excerpt":{"rendered":"<p>Lommemaske for hjerte-lungeredning med\u00a0enveisventil og filter\u00a0i b\u00e6reveske.<\/p>\n<p><strong>Tryggere hjerte-lungeredning<\/strong><\/p>\n<p>Laerdals Pocket Mask s\u00f8rger for at pasienten og redningspersonalet er beskyttet under hjerte-lungeredning. Avstanden mellom behandler og pasient gj\u00f8r det enklere \u00e5 gi korrekt pleie, \u00e5 se fargen p\u00e5 leppene\u00a0til pasienten og \u00e5 se hevingen av brystkassen ved korrekt behandling. Et vannavst\u00f8tende 3M filter under enveisventilen gj\u00f8r at all luft mellom behandler og pasient er fullstendig filtrert og ren f\u00f8r bruk.<\/p>\n<p>Alle Laerdals Pocket Masks er latexfrie for \u00e5 unng\u00e5 allergiske reaksjoner.<\/p>\n","protected":false},"featured_media":178,"comment_status":"open","ping_status":"closed","template":"","meta":[],"product_brand":[],"product_cat":[27],"product_tag":[],"class_list":{"0":"post-177","1":"product","2":"type-product","3":"status-publish","4":"has-post-thumbnail","6":"product_cat-forstehjelpsutstyr","7":"product_shipping_class-medium-pakker","9":"first","10":"onbackorder","11":"taxable","12":"shipping-taxable","13":"purchasable","14":"product-type-simple"},"_links":{"self":[{"href":"https:\/\/oppteknikk.24sevenstore.no\/index.php?rest_route=\/wp\/v2\/product\/177","targetHints":{"allow":["GET"]}}],"collection":[{"href":"https:\/\/oppteknikk.24sevenstore.no\/index.php?rest_route=\/wp\/v2\/product"}],"about":[{"href":"https:\/\/oppteknikk.24sevenstore.no\/index.php?rest_route=\/wp\/v2\/types\/product"}],"replies":[{"embeddable":true,"href":"https:\/\/oppteknikk.24sevenstore.no\/index.php?rest_route=%2Fwp%2Fv2%2Fcomments&post=177"}],"wp:featuredmedia":[{"embeddable":true,"href":"https:\/\/oppteknikk.24sevenstore.no\/index.php?rest_route=\/wp\/v2\/media\/178"}],"wp:attachment":[{"href":"https:\/\/oppteknikk.24sevenstore.no\/index.php?rest_route=%2Fwp%2Fv2%2Fmedia&parent=177"}],"wp:term":[{"taxonomy":"product_brand","embeddable":true,"href":"https:\/\/oppteknikk.24sevenstore.no\/index.php?rest_route=%2Fwp%2Fv2%2Fproduct_brand&post=177"},{"taxonomy":"product_cat","embeddable":true,"href":"https:\/\/oppteknikk.24sevenstore.no\/index.php?rest_route=%2Fwp%2Fv2%2Fproduct_cat&post=177"},{"taxonomy":"product_tag","embeddable":true,"href":"https:\/\/oppteknikk.24sevenstore.no\/index.php?rest_route=%2Fwp%2Fv2%2Fproduct_tag&post=177"}],"curies":[{"name":"wp","href":"https:\/\/api.w.org\/{rel}","templated":true}]}}