{"id":171,"date":"2019-03-26T14:54:59","date_gmt":"2019-03-26T13:54:59","guid":{"rendered":"https:\/\/oppteknikk.24sevenstore.no\/?post_type=product&#038;p=171"},"modified":"2019-04-16T10:54:30","modified_gmt":"2019-04-16T08:54:30","slug":"brannskadekoffert-industri","status":"publish","type":"product","link":"https:\/\/oppteknikk.24sevenstore.no\/?product=brannskadekoffert-industri","title":{"rendered":"Brannskadekoffert industri"},"content":{"rendered":"","protected":false},"excerpt":{"rendered":"<p>Kofferten passer for industri- og produksjonsbedrifter.\u00a0Brannskadekoffert industri b\u00f8r finnes alle steder brannskader kan forekomme.<\/p>\n<p>Kofferten inneholder Water-Jel-brannbandasjer i ulike st\u00f8rrelser. Felles for disse er at de er beregnet p\u00e5 st\u00f8rre brannskader. De finnes i st\u00f8rrelsene\u00a010&#215;10 cm,\u00a010&#215;40 cm,\u00a020&#215;55 cm\u00a0(beregnet p\u00e5\u00a0hender)\u00a0og\u00a040&#215;30 cm (beregnet p\u00e5\u00a0ansikt). Du f\u00e5r ogs\u00e5 med gasbind,\u00a0universalbind, sterile kompress,\u00a0plastertape,\u00a0sterile hansker\u00a0og\u00a0s\u00e5rvaskeservietter.<\/p>\n<p><strong>Produktinformasjon<\/strong>: H: 39 B: 25 D: 13<br \/>\n<strong>Forpakning<\/strong>: 1 stk K: 6<\/p>\n","protected":false},"featured_media":176,"comment_status":"open","ping_status":"closed","template":"","meta":[],"product_brand":[],"product_cat":[27],"product_tag":[],"class_list":{"0":"post-171","1":"product","2":"type-product","3":"status-publish","4":"has-post-thumbnail","6":"product_cat-forstehjelpsutstyr","7":"product_shipping_class-store-pakker","9":"first","10":"onbackorder","11":"taxable","12":"shipping-taxable","13":"purchasable","14":"product-type-simple"},"_links":{"self":[{"href":"https:\/\/oppteknikk.24sevenstore.no\/index.php?rest_route=\/wp\/v2\/product\/171","targetHints":{"allow":["GET"]}}],"collection":[{"href":"https:\/\/oppteknikk.24sevenstore.no\/index.php?rest_route=\/wp\/v2\/product"}],"about":[{"href":"https:\/\/oppteknikk.24sevenstore.no\/index.php?rest_route=\/wp\/v2\/types\/product"}],"replies":[{"embeddable":true,"href":"https:\/\/oppteknikk.24sevenstore.no\/index.php?rest_route=%2Fwp%2Fv2%2Fcomments&post=171"}],"wp:featuredmedia":[{"embeddable":true,"href":"https:\/\/oppteknikk.24sevenstore.no\/index.php?rest_route=\/wp\/v2\/media\/176"}],"wp:attachment":[{"href":"https:\/\/oppteknikk.24sevenstore.no\/index.php?rest_route=%2Fwp%2Fv2%2Fmedia&parent=171"}],"wp:term":[{"taxonomy":"product_brand","embeddable":true,"href":"https:\/\/oppteknikk.24sevenstore.no\/index.php?rest_route=%2Fwp%2Fv2%2Fproduct_brand&post=171"},{"taxonomy":"product_cat","embeddable":true,"href":"https:\/\/oppteknikk.24sevenstore.no\/index.php?rest_route=%2Fwp%2Fv2%2Fproduct_cat&post=171"},{"taxonomy":"product_tag","embeddable":true,"href":"https:\/\/oppteknikk.24sevenstore.no\/index.php?rest_route=%2Fwp%2Fv2%2Fproduct_tag&post=171"}],"curies":[{"name":"wp","href":"https:\/\/api.w.org\/{rel}","templated":true}]}}