{"id":167,"date":"2019-03-26T13:58:28","date_gmt":"2019-03-26T12:58:28","guid":{"rendered":"https:\/\/oppteknikk.24sevenstore.no\/?post_type=product&#038;p=167"},"modified":"2019-04-16T10:53:23","modified_gmt":"2019-04-16T08:53:23","slug":"oyeskylleboks","status":"publish","type":"product","link":"https:\/\/oppteknikk.24sevenstore.no\/?product=oyeskylleboks","title":{"rendered":"\u00d8yeskylleboks"},"content":{"rendered":"","protected":false},"excerpt":{"rendered":"<p>\u00d8yeskyllestasjon er en naturlig og viktig del av f\u00f8rstehjelpsutstyret\u00a0hos en bedrift. Ved sprut og s\u00f8l av kjemikalier\u00a0eller v\u00e6sker p\u00e5 \u00f8yet har du d\u00e5rlig tid. Det er viktig \u00e5 starte\u00a0skylling innen 3 sekunder for \u00e5 redusere skade. P\u00e5 kj\u00f8kken,\u00a0laboratorier, i industrien, verksteder, lager, ved\u00a0ladestasjoner o.l. er \u00f8yeskyll spesielt viktig.<\/p>\n<p>\u00d8yeskylleflasken har en funksjonell design og gode skylleegenskaper.\u00a0En lett h\u00e5ndterlig flaske med ergonomisk \u00f8yekopp og gener\u00f8s flyt av v\u00e6ske. Cederroth \u00f8yedusj er bufret. Det betyr at\u00a0v\u00e6sken har en n\u00f8ytraliserende effekt p\u00e5 sprut av syre eller base. Holdbarhet 4,5 \u00e5r i u\u00e5pnet tilstand.<\/p>\n<p><strong>Innhold<\/strong>: 2 flasker 500 ml Cederroth \u00f8yeskyllev\u00e6ske<br \/>\n<strong>Produktinformasjon<\/strong>: H: 25 B: 18,5 D: 8,3 cm<br \/>\n<strong>Forpakning<\/strong>: 1 stk K: 10<\/p>\n","protected":false},"featured_media":170,"comment_status":"open","ping_status":"closed","template":"","meta":[],"product_brand":[],"product_cat":[27],"product_tag":[],"class_list":{"0":"post-167","1":"product","2":"type-product","3":"status-publish","4":"has-post-thumbnail","6":"product_cat-forstehjelpsutstyr","7":"product_shipping_class-medium-pakker","9":"first","10":"onbackorder","11":"taxable","12":"shipping-taxable","13":"purchasable","14":"product-type-simple"},"_links":{"self":[{"href":"https:\/\/oppteknikk.24sevenstore.no\/index.php?rest_route=\/wp\/v2\/product\/167","targetHints":{"allow":["GET"]}}],"collection":[{"href":"https:\/\/oppteknikk.24sevenstore.no\/index.php?rest_route=\/wp\/v2\/product"}],"about":[{"href":"https:\/\/oppteknikk.24sevenstore.no\/index.php?rest_route=\/wp\/v2\/types\/product"}],"replies":[{"embeddable":true,"href":"https:\/\/oppteknikk.24sevenstore.no\/index.php?rest_route=%2Fwp%2Fv2%2Fcomments&post=167"}],"wp:featuredmedia":[{"embeddable":true,"href":"https:\/\/oppteknikk.24sevenstore.no\/index.php?rest_route=\/wp\/v2\/media\/170"}],"wp:attachment":[{"href":"https:\/\/oppteknikk.24sevenstore.no\/index.php?rest_route=%2Fwp%2Fv2%2Fmedia&parent=167"}],"wp:term":[{"taxonomy":"product_brand","embeddable":true,"href":"https:\/\/oppteknikk.24sevenstore.no\/index.php?rest_route=%2Fwp%2Fv2%2Fproduct_brand&post=167"},{"taxonomy":"product_cat","embeddable":true,"href":"https:\/\/oppteknikk.24sevenstore.no\/index.php?rest_route=%2Fwp%2Fv2%2Fproduct_cat&post=167"},{"taxonomy":"product_tag","embeddable":true,"href":"https:\/\/oppteknikk.24sevenstore.no\/index.php?rest_route=%2Fwp%2Fv2%2Fproduct_tag&post=167"}],"curies":[{"name":"wp","href":"https:\/\/api.w.org\/{rel}","templated":true}]}}