{"id":163,"date":"2019-03-26T10:50:41","date_gmt":"2019-03-26T09:50:41","guid":{"rendered":"https:\/\/oppteknikk.24sevenstore.no\/?post_type=product&#038;p=163"},"modified":"2019-04-24T13:36:33","modified_gmt":"2019-04-24T11:36:33","slug":"forstehjelpskoffert-bygg-og-anlegg","status":"publish","type":"product","link":"https:\/\/oppteknikk.24sevenstore.no\/?product=forstehjelpskoffert-bygg-og-anlegg","title":{"rendered":"F\u00f8rstehjelpskoffert bygg og anlegg"},"content":{"rendered":"","protected":false},"excerpt":{"rendered":"<p style=\"font-weight: 400;\">Kofferten er\u00a0beregnet for biler, brakker og anleggsplasser, og er utarbeidet i samarbeid med flere av bransjeforeningene til h\u00e5ndverkerne. Den er st\u00f8vtett og leveres med festebrakett for montering p\u00e5 vegg eller i bil.<\/p>\n<p style=\"font-weight: 400;\">I denne kofferten f\u00e5r du blant annet elastiske gasbind,\u00a0idealbind,\u00a0munn-til-munn-maske,\u00a0fingerbandasje,\u00a0saks,\u00a0pinsett, plasterkompress i ulike st\u00f8rrelser,\u00a0plastertape, brannbandasjer i ulike st\u00f8rrelser,\u00a0sterile hansker, ulike typer plaster, enkeltmannspakker og \u00f8yebadevann med mer.<\/p>\n<p style=\"font-weight: 400;\">F\u00f8rstehjelpskoffert bygg og anlegg tilfredsstiller\u00a0Arbeidstilsynets krav til h\u00e5ndverksbedrifter.<\/p>\n<p style=\"font-weight: 400;\"><b><strong>Produktinformasjon<\/strong><\/b>: H: 40 B: 28 D: 13 cm<br \/>\n<b><strong>Forpakning<\/strong><\/b>: 1 stk K: 6<\/p>\n","protected":false},"featured_media":165,"comment_status":"open","ping_status":"closed","template":"","meta":[],"product_brand":[],"product_cat":[27],"product_tag":[],"class_list":{"0":"post-163","1":"product","2":"type-product","3":"status-publish","4":"has-post-thumbnail","6":"product_cat-forstehjelpsutstyr","7":"product_shipping_class-store-pakker","9":"first","10":"onbackorder","11":"taxable","12":"shipping-taxable","13":"purchasable","14":"product-type-simple"},"_links":{"self":[{"href":"https:\/\/oppteknikk.24sevenstore.no\/index.php?rest_route=\/wp\/v2\/product\/163","targetHints":{"allow":["GET"]}}],"collection":[{"href":"https:\/\/oppteknikk.24sevenstore.no\/index.php?rest_route=\/wp\/v2\/product"}],"about":[{"href":"https:\/\/oppteknikk.24sevenstore.no\/index.php?rest_route=\/wp\/v2\/types\/product"}],"replies":[{"embeddable":true,"href":"https:\/\/oppteknikk.24sevenstore.no\/index.php?rest_route=%2Fwp%2Fv2%2Fcomments&post=163"}],"wp:featuredmedia":[{"embeddable":true,"href":"https:\/\/oppteknikk.24sevenstore.no\/index.php?rest_route=\/wp\/v2\/media\/165"}],"wp:attachment":[{"href":"https:\/\/oppteknikk.24sevenstore.no\/index.php?rest_route=%2Fwp%2Fv2%2Fmedia&parent=163"}],"wp:term":[{"taxonomy":"product_brand","embeddable":true,"href":"https:\/\/oppteknikk.24sevenstore.no\/index.php?rest_route=%2Fwp%2Fv2%2Fproduct_brand&post=163"},{"taxonomy":"product_cat","embeddable":true,"href":"https:\/\/oppteknikk.24sevenstore.no\/index.php?rest_route=%2Fwp%2Fv2%2Fproduct_cat&post=163"},{"taxonomy":"product_tag","embeddable":true,"href":"https:\/\/oppteknikk.24sevenstore.no\/index.php?rest_route=%2Fwp%2Fv2%2Fproduct_tag&post=163"}],"curies":[{"name":"wp","href":"https:\/\/api.w.org\/{rel}","templated":true}]}}