{"id":161,"date":"2019-03-26T10:44:47","date_gmt":"2019-03-26T09:44:47","guid":{"rendered":"https:\/\/oppteknikk.24sevenstore.no\/?post_type=product&#038;p=161"},"modified":"2019-04-24T13:32:50","modified_gmt":"2019-04-24T11:32:50","slug":"oye-og-sarrensespray-150-ml","status":"publish","type":"product","link":"https:\/\/oppteknikk.24sevenstore.no\/?product=oye-og-sarrensespray-150-ml","title":{"rendered":"\u00d8ye- og s\u00e5rrensespray 150 ml"},"content":{"rendered":"","protected":false},"excerpt":{"rendered":"<p>Spray for \u00e5 rengj\u00f8re og skylle bort st\u00f8v og smuss fra \u00f8yne og s\u00e5r. Sprayen gir en myk v\u00e6skestr\u00f8m og har en total dusjetid p\u00e5 5 minutter, som er praktisk til eksempelvis skrubbs\u00e5r som m\u00e5 rengj\u00f8res ordentlig. Sprayen kan brukes flere ganger og er steril til siste dr\u00e5pe.<\/p>\n<p>OBS! Produktet erstatter ikke \u00f8yedusj ved akutte \u00f8yeskader (for eksempel ved sprut av etsende stoffer), men kan brukes i fase 2 under transport til sykehus etter den f\u00f8rste skyllingen.<\/p>\n<p>Flaskens utforming gj\u00f8r at den kan brukes i alle retninger, ogs\u00e5 opp-ned. Den gjennomsiktige kapselen har en forsegling som brytes f\u00f8rste gang den \u00e5pnes. Flasken kan oppbevares b\u00e5de st\u00e5ende og liggende. V\u00e6sken i sprayflasken oppbevares i en innerpose, isolert fra drivgassen, og blandes derfor ikke med den.<\/p>\n<p><strong>Produktfordeler<\/strong><\/p>\n<ul>\n<li>Kombinert \u00f8ye- og s\u00e5rvask<\/li>\n<li>Kan brukes flere ganger<\/li>\n<li>Steril til siste dr\u00e5pe<\/li>\n<\/ul>\n<p>Rengj\u00f8r munnstykket f\u00f8r bruk ved \u00e5 spraye kort i luften. Spray med en avstand p\u00e5 10-15 cm fra \u00f8yet eller s\u00e5ret. Unng\u00e5 direkte kontakt med munnstykket. Trykksatt flaske som ikke m\u00e5 utsettes for temperaturer over 50\u00b0C. M\u00e5 ikke punkteres eller brennes, heller ikke etter at innholdet er oppbrukt. Oppbevares ved en temperatur mellom 0\u00b0C og +40\u00b0C.<\/p>\n<p>Inneholder 150 ml steril koksaltl\u00f8sning, 0,9 % NaCl. Uten konserveringsmiddel. Milj\u00f8vennlig drivgass: nitrogen. Total dusjetid 5 minutter. Holdbarhetstid 3 \u00e5r fra produksjonsdato.<\/p>\n<p>Flaskens m\u00e5l: H 16,2 cm x \u00d8 5,3 cm<\/p>\n","protected":false},"featured_media":166,"comment_status":"open","ping_status":"closed","template":"","meta":[],"product_brand":[],"product_cat":[27,34],"product_tag":[],"class_list":{"0":"post-161","1":"product","2":"type-product","3":"status-publish","4":"has-post-thumbnail","6":"product_cat-forstehjelpsutstyr","7":"product_cat-refill-forstehjelpsutstyr","8":"product_shipping_class-medium-pakker","10":"first","11":"onbackorder","12":"taxable","13":"shipping-taxable","14":"purchasable","15":"product-type-simple"},"_links":{"self":[{"href":"https:\/\/oppteknikk.24sevenstore.no\/index.php?rest_route=\/wp\/v2\/product\/161","targetHints":{"allow":["GET"]}}],"collection":[{"href":"https:\/\/oppteknikk.24sevenstore.no\/index.php?rest_route=\/wp\/v2\/product"}],"about":[{"href":"https:\/\/oppteknikk.24sevenstore.no\/index.php?rest_route=\/wp\/v2\/types\/product"}],"replies":[{"embeddable":true,"href":"https:\/\/oppteknikk.24sevenstore.no\/index.php?rest_route=%2Fwp%2Fv2%2Fcomments&post=161"}],"wp:featuredmedia":[{"embeddable":true,"href":"https:\/\/oppteknikk.24sevenstore.no\/index.php?rest_route=\/wp\/v2\/media\/166"}],"wp:attachment":[{"href":"https:\/\/oppteknikk.24sevenstore.no\/index.php?rest_route=%2Fwp%2Fv2%2Fmedia&parent=161"}],"wp:term":[{"taxonomy":"product_brand","embeddable":true,"href":"https:\/\/oppteknikk.24sevenstore.no\/index.php?rest_route=%2Fwp%2Fv2%2Fproduct_brand&post=161"},{"taxonomy":"product_cat","embeddable":true,"href":"https:\/\/oppteknikk.24sevenstore.no\/index.php?rest_route=%2Fwp%2Fv2%2Fproduct_cat&post=161"},{"taxonomy":"product_tag","embeddable":true,"href":"https:\/\/oppteknikk.24sevenstore.no\/index.php?rest_route=%2Fwp%2Fv2%2Fproduct_tag&post=161"}],"curies":[{"name":"wp","href":"https:\/\/api.w.org\/{rel}","templated":true}]}}