{"id":24,"date":"2017-09-14T22:10:19","date_gmt":"2017-09-14T22:10:19","guid":{"rendered":"http:\/\/wordpress-store-template.24sevenoffice.com\/?page_id=24"},"modified":"2019-03-08T10:22:20","modified_gmt":"2019-03-08T09:22:20","slug":"welcome","status":"publish","type":"page","link":"https:\/\/oppteknikk.24sevenstore.no\/","title":{"rendered":"Velkommen"},"content":{"rendered":"<p>Velkommen til v\u00e5r nylanserte nettbutikk.<\/p>\n<p>Vi har som m\u00e5l \u00e5 bli totalleverand\u00f8r innen anleggsprodukter som prim\u00e6rt skal selges via v\u00e5r nettbutikk.<\/p>\n","protected":false},"excerpt":{"rendered":"<p>Velkommen til v\u00e5r nylanserte nettbutikk. Vi har som m\u00e5l \u00e5 bli totalleverand\u00f8r innen anleggsprodukter som prim\u00e6rt skal selges via v\u00e5r nettbutikk.<\/p>\n","protected":false},"author":1,"featured_media":0,"parent":0,"menu_order":0,"comment_status":"closed","ping_status":"closed","template":"template-homepage.php","meta":{"footnotes":""},"class_list":["post-24","page","type-page","status-publish","hentry"],"_links":{"self":[{"href":"https:\/\/oppteknikk.24sevenstore.no\/index.php?rest_route=\/wp\/v2\/pages\/24","targetHints":{"allow":["GET"]}}],"collection":[{"href":"https:\/\/oppteknikk.24sevenstore.no\/index.php?rest_route=\/wp\/v2\/pages"}],"about":[{"href":"https:\/\/oppteknikk.24sevenstore.no\/index.php?rest_route=\/wp\/v2\/types\/page"}],"author":[{"embeddable":true,"href":"https:\/\/oppteknikk.24sevenstore.no\/index.php?rest_route=\/wp\/v2\/users\/1"}],"replies":[{"embeddable":true,"href":"https:\/\/oppteknikk.24sevenstore.no\/index.php?rest_route=%2Fwp%2Fv2%2Fcomments&post=24"}],"version-history":[{"count":3,"href":"https:\/\/oppteknikk.24sevenstore.no\/index.php?rest_route=\/wp\/v2\/pages\/24\/revisions"}],"predecessor-version":[{"id":82,"href":"https:\/\/oppteknikk.24sevenstore.no\/index.php?rest_route=\/wp\/v2\/pages\/24\/revisions\/82"}],"wp:attachment":[{"href":"https:\/\/oppteknikk.24sevenstore.no\/index.php?rest_route=%2Fwp%2Fv2%2Fmedia&parent=24"}],"curies":[{"name":"wp","href":"https:\/\/api.w.org\/{rel}","templated":true}]}}